{"id":261,"date":"2025-11-12T12:45:29","date_gmt":"2025-11-12T10:45:29","guid":{"rendered":"https:\/\/grancastillo.es\/?page_id=261"},"modified":"2026-04-06T09:45:10","modified_gmt":"2026-04-06T07:45:10","slug":"kasutustingimused","status":"publish","type":"page","link":"https:\/\/grancastillo.es\/et\/kasutustingimused\/","title":{"rendered":"Kasutustingimused"},"content":{"rendered":"<p>Viimati uuendatud: 04.06.2026<br \/>\nTere tulemast Gran Castillo veebilehele. Kasutades seda veebilehte, n\u00f5ustute allj\u00e4rgnevate tingimustega.<\/p>\n<h3>1. Veebilehe sisu<\/h3>\n<p>K\u00e4esolev veebileht on informatiivne ning selle eesm\u00e4rk on tutvustada Gran Castillo veine, nende omadusi ja tootmisprotsessi. Veebilehel esitatud teave ei kujuta endast pakkumist ega m\u00fc\u00fcgitehingut.<\/p>\n<h3>2. Intellektuaalomand<\/h3>\n<p>Kogu veebilehel olev sisu (sh tekstid, pildid, kujundus ja logo) kuulub veebilehe omanikule v\u00f5i on kasutusel vastava loa alusel.<br \/>\nSisu kopeerimine, levitamine v\u00f5i kasutamine ilma eelneva kirjaliku loata on keelatud.<\/p>\n<h3>3. Vastutuse piirang<\/h3>\n<p>Veebilehel esitatud teave on koostatud parima teadmise j\u00e4rgi, kuid selle t\u00e4psust, t\u00e4ielikkust v\u00f5i ajakohasust ei garanteerita.<br \/>\nVeebilehe omanik ei vastuta v\u00f5imalike kahjude eest, mis v\u00f5ivad tuleneda veebilehel oleva teabe kasutamisest.<\/p>\n<h3>4. V\u00e4lised lingid<\/h3>\n<p>Veebileht v\u00f5ib sisaldada viiteid kolmandate osapoolte veebilehtedele. Veebilehe omanik ei vastuta nende sisu ega privaatsusp\u00f5him\u00f5tete eest.<\/p>\n<h3>5. Muudatused<\/h3>\n<p>Veebilehe omanikul on \u00f5igus kasutustingimusi igal ajal muuta. Muudatused j\u00f5ustuvad nende avaldamisel veebilehel.<\/p>\n<h3>6. Kohaldatav \u00f5igus<\/h3>\n<p>K\u00e4esolevatele kasutustingimustele kohaldatakse Eesti Vabariigi seadusi.<\/p>\n<h3>7. Alkoholiga seotud teave<\/h3>\n<p>Veebilehel esitatud teave on m\u00f5eldud t\u00e4isealistele isikutele. Alkoholitarbimine v\u00f5ib kahjustada tervist.<\/p>\n","protected":false},"excerpt":{"rendered":"<p>Viimati uuendatud: 04.06.2026 Tere tulemast Gran Castillo veebilehele. Kasutades seda veebilehte, n\u00f5ustute allj\u00e4rgnevate tingimustega. 1. Veebilehe sisu K\u00e4esolev veebileht on informatiivne ning selle eesm\u00e4rk on tutvustada Gran Castillo veine, nende omadusi ja tootmisprotsessi. Veebilehel esitatud teave ei kujuta endast pakkumist ega m\u00fc\u00fcgitehingut. 2. Intellektuaalomand Kogu veebilehel olev sisu (sh tekstid, pildid, kujundus ja logo) kuulub [&hellip;]<\/p>\n","protected":false},"author":1,"featured_media":0,"parent":0,"menu_order":0,"comment_status":"closed","ping_status":"closed","template":"templates\/default.php","meta":{"_acf_changed":false,"footnotes":""},"class_list":["post-261","page","type-page","status-publish","hentry"],"acf":[],"yoast_head":"<!-- This site is optimized with the Yoast SEO plugin v27.3 - https:\/\/yoast.com\/product\/yoast-seo-wordpress\/ -->\n<title>Kasutustingimused - Gran Castillo<\/title>\n<meta name=\"robots\" content=\"index, follow, max-snippet:-1, max-image-preview:large, max-video-preview:-1\" \/>\n<link rel=\"canonical\" href=\"https:\/\/grancastillo.es\/et\/kasutustingimused\/\" \/>\n<meta property=\"og:locale\" content=\"et_EE\" \/>\n<meta property=\"og:type\" content=\"article\" \/>\n<meta property=\"og:title\" content=\"Kasutustingimused - Gran Castillo\" \/>\n<meta property=\"og:description\" content=\"Viimati uuendatud: 04.06.2026 Tere tulemast Gran Castillo veebilehele. Kasutades seda veebilehte, n\u00f5ustute allj\u00e4rgnevate tingimustega. 1. Veebilehe sisu K\u00e4esolev veebileht on informatiivne ning selle eesm\u00e4rk on tutvustada Gran Castillo veine, nende omadusi ja tootmisprotsessi. Veebilehel esitatud teave ei kujuta endast pakkumist ega m\u00fc\u00fcgitehingut. 2. Intellektuaalomand Kogu veebilehel olev sisu (sh tekstid, pildid, kujundus ja logo) kuulub [&hellip;]\" \/>\n<meta property=\"og:url\" content=\"https:\/\/grancastillo.es\/et\/kasutustingimused\/\" \/>\n<meta property=\"og:site_name\" content=\"Gran Castillo\" \/>\n<meta property=\"article:modified_time\" content=\"2026-04-06T07:45:10+00:00\" \/>\n<meta property=\"og:image\" content=\"https:\/\/grancastillo.es\/wp-content\/uploads\/2026\/04\/Gran-Castillo-OG-image.jpg\" \/>\n\t<meta property=\"og:image:width\" content=\"1200\" \/>\n\t<meta property=\"og:image:height\" content=\"676\" \/>\n\t<meta property=\"og:image:type\" content=\"image\/jpeg\" \/>\n<meta name=\"twitter:card\" content=\"summary_large_image\" \/>\n<meta name=\"twitter:label1\" content=\"Est. reading time\" \/>\n\t<meta name=\"twitter:data1\" content=\"1 minut\" \/>\n<script type=\"application\/ld+json\" class=\"yoast-schema-graph\">{\"@context\":\"https:\\\/\\\/schema.org\",\"@graph\":[{\"@type\":\"WebPage\",\"@id\":\"https:\\\/\\\/grancastillo.es\\\/et\\\/kasutustingimused\\\/\",\"url\":\"https:\\\/\\\/grancastillo.es\\\/et\\\/kasutustingimused\\\/\",\"name\":\"Kasutustingimused - Gran Castillo\",\"isPartOf\":{\"@id\":\"https:\\\/\\\/grancastillo.es\\\/et\\\/#website\"},\"datePublished\":\"2025-11-12T10:45:29+00:00\",\"dateModified\":\"2026-04-06T07:45:10+00:00\",\"breadcrumb\":{\"@id\":\"https:\\\/\\\/grancastillo.es\\\/et\\\/kasutustingimused\\\/#breadcrumb\"},\"inLanguage\":\"et\",\"potentialAction\":[{\"@type\":\"ReadAction\",\"target\":[\"https:\\\/\\\/grancastillo.es\\\/et\\\/kasutustingimused\\\/\"]}]},{\"@type\":\"BreadcrumbList\",\"@id\":\"https:\\\/\\\/grancastillo.es\\\/et\\\/kasutustingimused\\\/#breadcrumb\",\"itemListElement\":[{\"@type\":\"ListItem\",\"position\":1,\"name\":\"Home\",\"item\":\"https:\\\/\\\/grancastillo.es\\\/et\\\/\"},{\"@type\":\"ListItem\",\"position\":2,\"name\":\"Kasutustingimused\"}]},{\"@type\":\"WebSite\",\"@id\":\"https:\\\/\\\/grancastillo.es\\\/et\\\/#website\",\"url\":\"https:\\\/\\\/grancastillo.es\\\/et\\\/\",\"name\":\"Gran Castillo\",\"description\":\"T\u00f5eliselt rikkalik vein otse Hispaania s\u00fcdamest.\",\"publisher\":{\"@id\":\"https:\\\/\\\/grancastillo.es\\\/et\\\/#organization\"},\"potentialAction\":[{\"@type\":\"SearchAction\",\"target\":{\"@type\":\"EntryPoint\",\"urlTemplate\":\"https:\\\/\\\/grancastillo.es\\\/et\\\/?s={search_term_string}\"},\"query-input\":{\"@type\":\"PropertyValueSpecification\",\"valueRequired\":true,\"valueName\":\"search_term_string\"}}],\"inLanguage\":\"et\"},{\"@type\":\"Organization\",\"@id\":\"https:\\\/\\\/grancastillo.es\\\/et\\\/#organization\",\"name\":\"Gran Castillo\",\"url\":\"https:\\\/\\\/grancastillo.es\\\/et\\\/\",\"logo\":{\"@type\":\"ImageObject\",\"inLanguage\":\"et\",\"@id\":\"https:\\\/\\\/grancastillo.es\\\/et\\\/#\\\/schema\\\/logo\\\/image\\\/\",\"url\":\"https:\\\/\\\/grancastillo.es\\\/wp-content\\\/uploads\\\/2025\\\/11\\\/logo.svg\",\"contentUrl\":\"https:\\\/\\\/grancastillo.es\\\/wp-content\\\/uploads\\\/2025\\\/11\\\/logo.svg\",\"caption\":\"Gran Castillo\"},\"image\":{\"@id\":\"https:\\\/\\\/grancastillo.es\\\/et\\\/#\\\/schema\\\/logo\\\/image\\\/\"}}]}<\/script>\n<!-- \/ Yoast SEO plugin. -->","yoast_head_json":{"title":"Kasutustingimused - Gran Castillo","robots":{"index":"index","follow":"follow","max-snippet":"max-snippet:-1","max-image-preview":"max-image-preview:large","max-video-preview":"max-video-preview:-1"},"canonical":"https:\/\/grancastillo.es\/et\/kasutustingimused\/","og_locale":"et_EE","og_type":"article","og_title":"Kasutustingimused - Gran Castillo","og_description":"Viimati uuendatud: 04.06.2026 Tere tulemast Gran Castillo veebilehele. Kasutades seda veebilehte, n\u00f5ustute allj\u00e4rgnevate tingimustega. 1. Veebilehe sisu K\u00e4esolev veebileht on informatiivne ning selle eesm\u00e4rk on tutvustada Gran Castillo veine, nende omadusi ja tootmisprotsessi. Veebilehel esitatud teave ei kujuta endast pakkumist ega m\u00fc\u00fcgitehingut. 2. Intellektuaalomand Kogu veebilehel olev sisu (sh tekstid, pildid, kujundus ja logo) kuulub [&hellip;]","og_url":"https:\/\/grancastillo.es\/et\/kasutustingimused\/","og_site_name":"Gran Castillo","article_modified_time":"2026-04-06T07:45:10+00:00","og_image":[{"width":1200,"height":676,"url":"https:\/\/grancastillo.es\/wp-content\/uploads\/2026\/04\/Gran-Castillo-OG-image.jpg","type":"image\/jpeg"}],"twitter_card":"summary_large_image","twitter_misc":{"Est. reading time":"1 minut"},"schema":{"@context":"https:\/\/schema.org","@graph":[{"@type":"WebPage","@id":"https:\/\/grancastillo.es\/et\/kasutustingimused\/","url":"https:\/\/grancastillo.es\/et\/kasutustingimused\/","name":"Kasutustingimused - Gran Castillo","isPartOf":{"@id":"https:\/\/grancastillo.es\/et\/#website"},"datePublished":"2025-11-12T10:45:29+00:00","dateModified":"2026-04-06T07:45:10+00:00","breadcrumb":{"@id":"https:\/\/grancastillo.es\/et\/kasutustingimused\/#breadcrumb"},"inLanguage":"et","potentialAction":[{"@type":"ReadAction","target":["https:\/\/grancastillo.es\/et\/kasutustingimused\/"]}]},{"@type":"BreadcrumbList","@id":"https:\/\/grancastillo.es\/et\/kasutustingimused\/#breadcrumb","itemListElement":[{"@type":"ListItem","position":1,"name":"Home","item":"https:\/\/grancastillo.es\/et\/"},{"@type":"ListItem","position":2,"name":"Kasutustingimused"}]},{"@type":"WebSite","@id":"https:\/\/grancastillo.es\/et\/#website","url":"https:\/\/grancastillo.es\/et\/","name":"Gran Castillo","description":"T\u00f5eliselt rikkalik vein otse Hispaania s\u00fcdamest.","publisher":{"@id":"https:\/\/grancastillo.es\/et\/#organization"},"potentialAction":[{"@type":"SearchAction","target":{"@type":"EntryPoint","urlTemplate":"https:\/\/grancastillo.es\/et\/?s={search_term_string}"},"query-input":{"@type":"PropertyValueSpecification","valueRequired":true,"valueName":"search_term_string"}}],"inLanguage":"et"},{"@type":"Organization","@id":"https:\/\/grancastillo.es\/et\/#organization","name":"Gran Castillo","url":"https:\/\/grancastillo.es\/et\/","logo":{"@type":"ImageObject","inLanguage":"et","@id":"https:\/\/grancastillo.es\/et\/#\/schema\/logo\/image\/","url":"https:\/\/grancastillo.es\/wp-content\/uploads\/2025\/11\/logo.svg","contentUrl":"https:\/\/grancastillo.es\/wp-content\/uploads\/2025\/11\/logo.svg","caption":"Gran Castillo"},"image":{"@id":"https:\/\/grancastillo.es\/et\/#\/schema\/logo\/image\/"}}]}},"_links":{"self":[{"href":"https:\/\/grancastillo.es\/et\/wp-json\/wp\/v2\/pages\/261","targetHints":{"allow":["GET"]}}],"collection":[{"href":"https:\/\/grancastillo.es\/et\/wp-json\/wp\/v2\/pages"}],"about":[{"href":"https:\/\/grancastillo.es\/et\/wp-json\/wp\/v2\/types\/page"}],"author":[{"embeddable":true,"href":"https:\/\/grancastillo.es\/et\/wp-json\/wp\/v2\/users\/1"}],"replies":[{"embeddable":true,"href":"https:\/\/grancastillo.es\/et\/wp-json\/wp\/v2\/comments?post=261"}],"version-history":[{"count":3,"href":"https:\/\/grancastillo.es\/et\/wp-json\/wp\/v2\/pages\/261\/revisions"}],"predecessor-version":[{"id":499,"href":"https:\/\/grancastillo.es\/et\/wp-json\/wp\/v2\/pages\/261\/revisions\/499"}],"wp:attachment":[{"href":"https:\/\/grancastillo.es\/et\/wp-json\/wp\/v2\/media?parent=261"}],"curies":[{"name":"wp","href":"https:\/\/api.w.org\/{rel}","templated":true}]}}