{"id":258,"date":"2025-11-12T12:36:42","date_gmt":"2025-11-12T10:36:42","guid":{"rendered":"https:\/\/grancastillo.es\/?page_id=258"},"modified":"2026-04-06T09:50:18","modified_gmt":"2026-04-06T07:50:18","slug":"privaatsuspoliitika","status":"publish","type":"page","link":"https:\/\/grancastillo.es\/et\/privaatsuspoliitika\/","title":{"rendered":"Privaatsuspoliitika"},"content":{"rendered":"<p>Global Wine House O\u00dc-le on teie privaatsus oluline ning me j\u00e4rgime k\u00f5iki kehtivaid seadusi ja eeskirju seoses isikuandmetega, mida v\u00f5ime teie kohta koguda, kui k\u00fclastate meie veebisaiti <b>grancastillo.es<\/b>. Meie veebisaiti kasutades n\u00f5ustute sellega, et kogume ja kasutame teie andmeid koosk\u00f5las k\u00e4esoleva privaatsuspoliitikaga. K\u00e4esoleva privaatsuspoliitikaga soovime teile selgitada, milliseid andmeid me kogume, kuidas neid kasutame ja millised on teie \u00f5igused oma andmete kaitsmiseks. K\u00e4esolev poliitika kehtib ainult meie veebisaidi ja selle k\u00fclastajate suhtes ning ei kehti teiste kanalite kaudu kogutud andmete suhtes.<\/p>\n<p>Teie andmeid t\u00f6\u00f6tleb Global Wine House O\u00dc<\/p>\n<p>e-post: info@globalwinehouse.com<\/p>\n<p>Me kogume ja t\u00f6\u00f6tleme andmeid vastavalt Euroopa Liidu isikuandmete kaitse \u00fcldm\u00e4\u00e4rusele (GDPR), mis j\u00f5ustus 25.05.2018.<\/p>\n<h1>Andmete kogumine ja kasutamine<\/h1>\n<h2>Milliseid andmeid me kogume?<\/h2>\n<p>Kogutav teave h\u00f5lmab andmeid, mida te meile teadlikult ja aktiivselt edastate, kasutades v\u00f5i osaledes meie teenustes v\u00f5i kampaaniates, samuti kogu teavet, mida teie seadmed edastavad meie toodetele ja teenustele juurdep\u00e4\u00e4su korral. Kogutavad andmed h\u00f5lmavad teavet, mida olete meiega teadlikult jaganud meie teenuste v\u00f5i kampaaniate kasutamisel, ning teavet, mida teie seadmed meile automaatselt edastavad. Teie isikuandmed v\u00f5ivad meieni j\u00f5uda j\u00e4rgmistel viisidel:<\/p>\n<ul>\n<li>Kui v\u00f5tate meiega \u00fchendust telefoni, e-posti v\u00f5i veebivestluse teel<\/li>\n<li>Kui sirvite veebisaiti <b>grancastillo.es<\/b><\/li>\n<li>Kui kommenteerite, meeldite v\u00f5i jagate postitust meie sotsiaalmeedia kontol<\/li>\n<li>Kui tellite meie uudiskirja<\/li>\n<\/ul>\n<h2>Kogutavate andmete liigid<\/h2>\n<h3>Isikuandmed<\/h3>\n<p>K\u00fcsime teilt isikuandmeid ainult siis, kui see on vajalik teenuse osutamiseks. Kui v\u00f5tate meiega \u00fchendust v\u00f5i k\u00fclastate meie veebisaiti, v\u00f5ite meiega jagada j\u00e4rgmist teavet:<\/p>\n<ul>\n<li>Ees- ja perekonnanimi<\/li>\n<li>E-posti aadress Postiaadress, riik, maakond, linn<\/li>\n<li>Telefoninumber<\/li>\n<li>Teie ja meie vaheline vestluslugu<\/li>\n<li>Teave teie veebibrauseri ja IP-aadressi kohta<\/li>\n<\/ul>\n<h3>Logifailid<\/h3>\n<p>Meie veebisait <b>grancastillo.es<\/b> salvestab logifailid oma k\u00fclastajate kohta. Kogutud teave v\u00f5ib h\u00f5lmata:<\/p>\n<ul>\n<li>Kasutatud seadme t\u00fc\u00fcp<\/li>\n<li>Interneti-protokolli (IP) aadress<\/li>\n<li>Brauseri t\u00fc\u00fcp Internetiteenuse pakkuja (ISP)<\/li>\n<li>Veebisaidi k\u00fclastuse kuup\u00e4ev ja kellaaeg<\/li>\n<li>Sisenemis- ja v\u00e4ljumisleht<\/li>\n<li>Kl\u00f5psude arv veebisaidil<\/li>\n<\/ul>\n<p>Logifailides olevat teavet kasutatakse suundumuste anal\u00fc\u00fcsimiseks, veebisaidi haldamiseks, veebisaidi k\u00fclastajate tegevuse j\u00e4lgimiseks ja demograafilise teabe kogumiseks. Saadud teave ei ole m\u00f5eldud \u00fcksikisikute tuvastamiseks ega v\u00f5imalda seda teha.<\/p>\n<h3>K\u00fcpsised<\/h3>\n<p>Nagu enamik veebisaite, kasutab ka <b>grancastillo.es<\/b> \u201ek\u00fcpsiseid\u201d. K\u00fcpsis on sisuliselt tekstifail, mis salvestatakse kasutaja seadmesse veebisaidi k\u00fclastamise ajal. K\u00fcpsiseid kasutatakse eelistuste, piirkondlike seadete, teenuse kasutamisv\u00f5imaluste jms kindlaksm\u00e4\u00e4ramiseks ja salvestamiseks.<\/p>\n<p>Soovi korral saate k\u00fcpsiste kasutamise oma brauseri seadetest keelata, kuid sel juhul v\u00f5ib teile osutatav teenus h\u00e4iruda. K\u00fcpsised jagunevad p\u00fcsik\u00fcpsisteks ja seansik\u00fcpsisteks. P\u00fcsik\u00fcpsised j\u00e4\u00e4vad teie arvutisse v\u00f5i mobiilseadmesse ka p\u00e4rast brauseri v\u00f5i arvuti sulgemist. Seansik\u00fcpsised kustutatakse aga kohe p\u00e4rast brauseri sulgemist. K\u00fcpsised jagunevad vastavalt nende otstarbele:<\/p>\n<ul>\n<li><b>Vajalikud k\u00fcpsised.<\/b> Seansik\u00fcpsised, mida kasutatakse selleks, et v\u00f5imaldada teil kasutada meie veebisaidil pakutavaid teenuseid. Need k\u00fcpsised aitavad kasutajaid autentida ja takistada kasutajakontode kuritarvitamist. Ilma nendeta ei saa me teile pakkuda teie soovitud teenuseid.<\/li>\n<li><b>Teavitusk\u00fcpsised.<\/b> Need k\u00fcpsised tuvastavad, kas kasutajad on n\u00f5ustunud k\u00fcpsiste kasutamisega veebisaidil.<\/li>\n<li><b>Funktsionaalsed k\u00fcpsised.<\/b> Need k\u00fcpsised v\u00f5imaldavad teie brauseril meelde j\u00e4tta valikuid, mida te veebisaidi kasutamisel teete, n\u00e4iteks salvestada teie sisselogimisandmed v\u00f5i keele-eelistused. Nende k\u00fcpsiste eesm\u00e4rk on pakkuda teile isikup\u00e4rasemat kogemust ja v\u00e4ltida eelistuste uuesti sisestamist.<\/li>\n<li><b>Anal\u00fc\u00fctilised k\u00fcpsised.<\/b> Need k\u00fcpsised aitavad meil m\u00f5ista, kuidas k\u00fclastajad meie veebisaidiga suhtlevad, kogudes anon\u00fc\u00fcmselt teavet (nt millised lehek\u00fcljed on k\u00f5ige populaarsemad). See aitab meil veebisaiti parandada.<\/li>\n<li><b>Turundusk\u00fcpsised.<\/b> Neid k\u00fcpsiseid kasutatakse k\u00fclastajate j\u00e4lgimiseks veebisaitide vahel. Eesm\u00e4rk on kuvada reklaame, mis on asjakohased ja huvipakkuvad konkreetse kasutaja jaoks.<\/li>\n<\/ul>\n<h2>Kuidas me andmeid kasutame<\/h2>\n<p>Me v\u00f5ime kogutud teavet kasutada mitmesugustel eesm\u00e4rkidel, sealhulgas:<\/p>\n<ul>\n<li>Meie veebisaidi hooldamiseks, haldamiseks, arendamiseks, personaliseerimiseks ja laiendamiseks<\/li>\n<li>Statistika kogumiseks, et saaksime pakkuda paremaid teenuseid ja\/v\u00f5i pakkumisi ning m\u00f5ista ja anal\u00fc\u00fcsida meie veebisaidi k\u00fclastajate k\u00e4itumist<\/li>\n<\/ul>\n","protected":false},"excerpt":{"rendered":"<p>Global Wine House O\u00dc-le on teie privaatsus oluline ning me j\u00e4rgime k\u00f5iki kehtivaid seadusi ja eeskirju seoses isikuandmetega, mida v\u00f5ime teie kohta koguda, kui k\u00fclastate meie veebisaiti grancastillo.es. Meie veebisaiti kasutades n\u00f5ustute sellega, et kogume ja kasutame teie andmeid koosk\u00f5las k\u00e4esoleva privaatsuspoliitikaga. K\u00e4esoleva privaatsuspoliitikaga soovime teile selgitada, milliseid andmeid me kogume, kuidas neid kasutame ja [&hellip;]<\/p>\n","protected":false},"author":1,"featured_media":0,"parent":0,"menu_order":0,"comment_status":"closed","ping_status":"closed","template":"templates\/default.php","meta":{"_acf_changed":false,"footnotes":""},"class_list":["post-258","page","type-page","status-publish","hentry"],"acf":[],"yoast_head":"<!-- This site is optimized with the Yoast SEO plugin v27.3 - https:\/\/yoast.com\/product\/yoast-seo-wordpress\/ -->\n<title>Privaatsuspoliitika - Gran Castillo<\/title>\n<meta name=\"robots\" content=\"index, follow, max-snippet:-1, max-image-preview:large, max-video-preview:-1\" \/>\n<link rel=\"canonical\" href=\"https:\/\/grancastillo.es\/et\/privaatsuspoliitika\/\" \/>\n<meta property=\"og:locale\" content=\"et_EE\" \/>\n<meta property=\"og:type\" content=\"article\" \/>\n<meta property=\"og:title\" content=\"Privaatsuspoliitika - Gran Castillo\" \/>\n<meta property=\"og:description\" content=\"Global Wine House O\u00dc-le on teie privaatsus oluline ning me j\u00e4rgime k\u00f5iki kehtivaid seadusi ja eeskirju seoses isikuandmetega, mida v\u00f5ime teie kohta koguda, kui k\u00fclastate meie veebisaiti grancastillo.es. Meie veebisaiti kasutades n\u00f5ustute sellega, et kogume ja kasutame teie andmeid koosk\u00f5las k\u00e4esoleva privaatsuspoliitikaga. K\u00e4esoleva privaatsuspoliitikaga soovime teile selgitada, milliseid andmeid me kogume, kuidas neid kasutame ja [&hellip;]\" \/>\n<meta property=\"og:url\" content=\"https:\/\/grancastillo.es\/et\/privaatsuspoliitika\/\" \/>\n<meta property=\"og:site_name\" content=\"Gran Castillo\" \/>\n<meta property=\"article:modified_time\" content=\"2026-04-06T07:50:18+00:00\" \/>\n<meta property=\"og:image\" content=\"https:\/\/grancastillo.es\/wp-content\/uploads\/2026\/04\/Gran-Castillo-OG-image.jpg\" \/>\n\t<meta property=\"og:image:width\" content=\"1200\" \/>\n\t<meta property=\"og:image:height\" content=\"676\" \/>\n\t<meta property=\"og:image:type\" content=\"image\/jpeg\" \/>\n<meta name=\"twitter:card\" content=\"summary_large_image\" \/>\n<meta name=\"twitter:label1\" content=\"Est. reading time\" \/>\n\t<meta name=\"twitter:data1\" content=\"3 minutit\" \/>\n<script type=\"application\/ld+json\" class=\"yoast-schema-graph\">{\"@context\":\"https:\\\/\\\/schema.org\",\"@graph\":[{\"@type\":\"WebPage\",\"@id\":\"https:\\\/\\\/grancastillo.es\\\/et\\\/privaatsuspoliitika\\\/\",\"url\":\"https:\\\/\\\/grancastillo.es\\\/et\\\/privaatsuspoliitika\\\/\",\"name\":\"Privaatsuspoliitika - Gran Castillo\",\"isPartOf\":{\"@id\":\"https:\\\/\\\/grancastillo.es\\\/et\\\/#website\"},\"datePublished\":\"2025-11-12T10:36:42+00:00\",\"dateModified\":\"2026-04-06T07:50:18+00:00\",\"breadcrumb\":{\"@id\":\"https:\\\/\\\/grancastillo.es\\\/et\\\/privaatsuspoliitika\\\/#breadcrumb\"},\"inLanguage\":\"et\",\"potentialAction\":[{\"@type\":\"ReadAction\",\"target\":[\"https:\\\/\\\/grancastillo.es\\\/et\\\/privaatsuspoliitika\\\/\"]}]},{\"@type\":\"BreadcrumbList\",\"@id\":\"https:\\\/\\\/grancastillo.es\\\/et\\\/privaatsuspoliitika\\\/#breadcrumb\",\"itemListElement\":[{\"@type\":\"ListItem\",\"position\":1,\"name\":\"Home\",\"item\":\"https:\\\/\\\/grancastillo.es\\\/et\\\/\"},{\"@type\":\"ListItem\",\"position\":2,\"name\":\"Privaatsuspoliitika\"}]},{\"@type\":\"WebSite\",\"@id\":\"https:\\\/\\\/grancastillo.es\\\/et\\\/#website\",\"url\":\"https:\\\/\\\/grancastillo.es\\\/et\\\/\",\"name\":\"Gran Castillo\",\"description\":\"T\u00f5eliselt rikkalik vein otse Hispaania s\u00fcdamest.\",\"publisher\":{\"@id\":\"https:\\\/\\\/grancastillo.es\\\/et\\\/#organization\"},\"potentialAction\":[{\"@type\":\"SearchAction\",\"target\":{\"@type\":\"EntryPoint\",\"urlTemplate\":\"https:\\\/\\\/grancastillo.es\\\/et\\\/?s={search_term_string}\"},\"query-input\":{\"@type\":\"PropertyValueSpecification\",\"valueRequired\":true,\"valueName\":\"search_term_string\"}}],\"inLanguage\":\"et\"},{\"@type\":\"Organization\",\"@id\":\"https:\\\/\\\/grancastillo.es\\\/et\\\/#organization\",\"name\":\"Gran Castillo\",\"url\":\"https:\\\/\\\/grancastillo.es\\\/et\\\/\",\"logo\":{\"@type\":\"ImageObject\",\"inLanguage\":\"et\",\"@id\":\"https:\\\/\\\/grancastillo.es\\\/et\\\/#\\\/schema\\\/logo\\\/image\\\/\",\"url\":\"https:\\\/\\\/grancastillo.es\\\/wp-content\\\/uploads\\\/2025\\\/11\\\/logo.svg\",\"contentUrl\":\"https:\\\/\\\/grancastillo.es\\\/wp-content\\\/uploads\\\/2025\\\/11\\\/logo.svg\",\"caption\":\"Gran Castillo\"},\"image\":{\"@id\":\"https:\\\/\\\/grancastillo.es\\\/et\\\/#\\\/schema\\\/logo\\\/image\\\/\"}}]}<\/script>\n<!-- \/ Yoast SEO plugin. -->","yoast_head_json":{"title":"Privaatsuspoliitika - Gran Castillo","robots":{"index":"index","follow":"follow","max-snippet":"max-snippet:-1","max-image-preview":"max-image-preview:large","max-video-preview":"max-video-preview:-1"},"canonical":"https:\/\/grancastillo.es\/et\/privaatsuspoliitika\/","og_locale":"et_EE","og_type":"article","og_title":"Privaatsuspoliitika - Gran Castillo","og_description":"Global Wine House O\u00dc-le on teie privaatsus oluline ning me j\u00e4rgime k\u00f5iki kehtivaid seadusi ja eeskirju seoses isikuandmetega, mida v\u00f5ime teie kohta koguda, kui k\u00fclastate meie veebisaiti grancastillo.es. Meie veebisaiti kasutades n\u00f5ustute sellega, et kogume ja kasutame teie andmeid koosk\u00f5las k\u00e4esoleva privaatsuspoliitikaga. K\u00e4esoleva privaatsuspoliitikaga soovime teile selgitada, milliseid andmeid me kogume, kuidas neid kasutame ja [&hellip;]","og_url":"https:\/\/grancastillo.es\/et\/privaatsuspoliitika\/","og_site_name":"Gran Castillo","article_modified_time":"2026-04-06T07:50:18+00:00","og_image":[{"width":1200,"height":676,"url":"https:\/\/grancastillo.es\/wp-content\/uploads\/2026\/04\/Gran-Castillo-OG-image.jpg","type":"image\/jpeg"}],"twitter_card":"summary_large_image","twitter_misc":{"Est. reading time":"3 minutit"},"schema":{"@context":"https:\/\/schema.org","@graph":[{"@type":"WebPage","@id":"https:\/\/grancastillo.es\/et\/privaatsuspoliitika\/","url":"https:\/\/grancastillo.es\/et\/privaatsuspoliitika\/","name":"Privaatsuspoliitika - Gran Castillo","isPartOf":{"@id":"https:\/\/grancastillo.es\/et\/#website"},"datePublished":"2025-11-12T10:36:42+00:00","dateModified":"2026-04-06T07:50:18+00:00","breadcrumb":{"@id":"https:\/\/grancastillo.es\/et\/privaatsuspoliitika\/#breadcrumb"},"inLanguage":"et","potentialAction":[{"@type":"ReadAction","target":["https:\/\/grancastillo.es\/et\/privaatsuspoliitika\/"]}]},{"@type":"BreadcrumbList","@id":"https:\/\/grancastillo.es\/et\/privaatsuspoliitika\/#breadcrumb","itemListElement":[{"@type":"ListItem","position":1,"name":"Home","item":"https:\/\/grancastillo.es\/et\/"},{"@type":"ListItem","position":2,"name":"Privaatsuspoliitika"}]},{"@type":"WebSite","@id":"https:\/\/grancastillo.es\/et\/#website","url":"https:\/\/grancastillo.es\/et\/","name":"Gran Castillo","description":"T\u00f5eliselt rikkalik vein otse Hispaania s\u00fcdamest.","publisher":{"@id":"https:\/\/grancastillo.es\/et\/#organization"},"potentialAction":[{"@type":"SearchAction","target":{"@type":"EntryPoint","urlTemplate":"https:\/\/grancastillo.es\/et\/?s={search_term_string}"},"query-input":{"@type":"PropertyValueSpecification","valueRequired":true,"valueName":"search_term_string"}}],"inLanguage":"et"},{"@type":"Organization","@id":"https:\/\/grancastillo.es\/et\/#organization","name":"Gran Castillo","url":"https:\/\/grancastillo.es\/et\/","logo":{"@type":"ImageObject","inLanguage":"et","@id":"https:\/\/grancastillo.es\/et\/#\/schema\/logo\/image\/","url":"https:\/\/grancastillo.es\/wp-content\/uploads\/2025\/11\/logo.svg","contentUrl":"https:\/\/grancastillo.es\/wp-content\/uploads\/2025\/11\/logo.svg","caption":"Gran Castillo"},"image":{"@id":"https:\/\/grancastillo.es\/et\/#\/schema\/logo\/image\/"}}]}},"_links":{"self":[{"href":"https:\/\/grancastillo.es\/et\/wp-json\/wp\/v2\/pages\/258","targetHints":{"allow":["GET"]}}],"collection":[{"href":"https:\/\/grancastillo.es\/et\/wp-json\/wp\/v2\/pages"}],"about":[{"href":"https:\/\/grancastillo.es\/et\/wp-json\/wp\/v2\/types\/page"}],"author":[{"embeddable":true,"href":"https:\/\/grancastillo.es\/et\/wp-json\/wp\/v2\/users\/1"}],"replies":[{"embeddable":true,"href":"https:\/\/grancastillo.es\/et\/wp-json\/wp\/v2\/comments?post=258"}],"version-history":[{"count":8,"href":"https:\/\/grancastillo.es\/et\/wp-json\/wp\/v2\/pages\/258\/revisions"}],"predecessor-version":[{"id":506,"href":"https:\/\/grancastillo.es\/et\/wp-json\/wp\/v2\/pages\/258\/revisions\/506"}],"wp:attachment":[{"href":"https:\/\/grancastillo.es\/et\/wp-json\/wp\/v2\/media?parent=258"}],"curies":[{"name":"wp","href":"https:\/\/api.w.org\/{rel}","templated":true}]}}